{"id":621,"date":"2022-05-18T14:36:39","date_gmt":"2022-05-18T12:36:39","guid":{"rendered":"https:\/\/www.recouvrement-tchatcaf.fr\/?page_id=621"},"modified":"2022-06-10T10:12:41","modified_gmt":"2022-06-10T08:12:41","slug":"charte-participation","status":"publish","type":"page","link":"https:\/\/www.recouvrement-tchatcaf.fr\/bienvenue-sur-le-recouvrement-tchatcaf\/charte-participation\/","title":{"rendered":"Charte de participation"},"content":{"rendered":"\n<h1 class=\"has-text-align-center has-colibri-color-1-color has-text-color wp-block-heading\">Charte de participation<\/h1>\n\n\n\n<p><strong>Charte de participation :<\/strong><\/p>\n\n\n\n<p>Le savoir vivre et la politesse sont les r\u00e8gles en vigueur sur ce tchat organis\u00e9 par votre Caf.<\/p>\n\n\n\n<p>Cet outil a pour objectifs de :<\/p>\n\n\n\n<ul class=\"wp-block-list\"><li>Vous orienter dans vos d\u00e9marches,<\/li><li>R\u00e9pondre \u00e0 des questions g\u00e9n\u00e9ralistes<\/li><\/ul>\n\n\n\n<p>Pour toutes questions sur des \u00e9l\u00e9ments de votre dossier personnel, nous vous invitons pour ceci \u00e0 utiliser votre espace Mon compte sur le&nbsp;<a href=\"https:\/\/l.facebook.com\/l.php?u=http%3A%2F%2Fwww.caf.fr%2F&amp;h=ATN1LcMkYYzgPEuZxny15qkf6oaR-2ydkKtN4aWWZ73D6ktIhgEkIrAnBe4hkt5XQHhKNBjFLKVCx05ICcSeOkafwXSm53GuTZA9D23PUpwkHhO1NWS1U8zg6lqxi3Qd4sr6LDeWJx6B\" target=\"_blank\" rel=\"noreferrer noopener\">www.caf.fr<\/a>, rubrique \u00ab&nbsp;contacter ma Caf&nbsp;\u00bb.<\/p>\n\n\n\n<p>On peut s\u2019exprimer ici librement, dans le respect du droit.<\/p>\n\n\n\n<p>Tout contenu illicite sera rejet\u00e9 :<\/p>\n\n\n\n<ul class=\"wp-block-list\"><li>Les contributions \u00e0 caract\u00e8re pornographique et p\u00e9dophile, ou violentes,<\/li><li>Les atteintes \u00e0 la vie, l\u2019int\u00e9grit\u00e9 de la personne, agressions sexuelles, apologies de crimes, de crimes de guerre, de crimes contre l\u2019humanit\u00e9,<\/li><li>Les incitations \u00e0 la discrimination, \u00e0 la haine ou \u00e0 la violence \u00e0 l\u2019\u00e9gard d\u2019une personne ou d\u2019un groupe de personnes en raison de leur origine, de leur sexualit\u00e9 ou de leur appartenance \u00e0 une ethnie, une nation ou une religion d\u00e9termin\u00e9e,<\/li><li>Les injures et insultes directes ou indirectes envers les personnes ou les groupes de personnes,<\/li><li>Les propos diffamatoires \u00e0 l\u2019\u00e9gard de personnes physiques ou morales.<\/li><\/ul>\n\n\n\n<p>Ainsi que :<\/p>\n\n\n\n<ul class=\"wp-block-list\"><li>Les contributions portant atteinte aux mineurs,<\/li><li>La publication d\u2019images de mineurs sans autorisation expresse des parents,<\/li><li>Les atteintes \u00e0 la vie priv\u00e9e,<\/li><li>Les incitations ou repr\u00e9sentation d\u2019actes de cruaut\u00e9s envers les animaux,<\/li><li>Les contributions incitant \u00e0 des pratiques alimentaires excessives (anorexie, boulimie),<\/li><li>Les incitations au suicide,<\/li><li>Les incitations \u00e0 l\u2019usage de drogues et de substances interdites,<\/li><li>Les incitations \u00e0 commettre des actes de piratage informatique,<\/li><li>La diffusion de donn\u00e9es \u00e0 caract\u00e8re personnel.<\/li><\/ul>\n\n\n\n<p>Par ailleurs, les contributions contenant les propos suivants seront rejet\u00e9es :<\/p>\n\n\n\n<ul class=\"wp-block-list\"><li>Les messages publicitaires,<\/li><li>Les petites annonces.<\/li><\/ul>\n","protected":false},"excerpt":{"rendered":"<p>Charte de participation Charte de participation : Le savoir vivre et la politesse sont les r\u00e8gles en vigueur sur ce tchat organis\u00e9 par votre Caf. Cet outil a pour objectifs de : Vous orienter dans vos d\u00e9marches, R\u00e9pondre \u00e0 des questions g\u00e9n\u00e9ralistes Pour toutes questions sur des \u00e9l\u00e9ments de votre dossier personnel, nous vous invitons [&hellip;]<\/p>\n","protected":false},"author":1,"featured_media":0,"parent":0,"menu_order":0,"comment_status":"closed","ping_status":"closed","template":"","meta":{"footnotes":""},"class_list":["post-621","page","type-page","status-publish","hentry"],"_links":{"self":[{"href":"https:\/\/www.recouvrement-tchatcaf.fr\/bienvenue-sur-le-recouvrement-tchatcaf\/wp-json\/wp\/v2\/pages\/621","targetHints":{"allow":["GET"]}}],"collection":[{"href":"https:\/\/www.recouvrement-tchatcaf.fr\/bienvenue-sur-le-recouvrement-tchatcaf\/wp-json\/wp\/v2\/pages"}],"about":[{"href":"https:\/\/www.recouvrement-tchatcaf.fr\/bienvenue-sur-le-recouvrement-tchatcaf\/wp-json\/wp\/v2\/types\/page"}],"author":[{"embeddable":true,"href":"https:\/\/www.recouvrement-tchatcaf.fr\/bienvenue-sur-le-recouvrement-tchatcaf\/wp-json\/wp\/v2\/users\/1"}],"replies":[{"embeddable":true,"href":"https:\/\/www.recouvrement-tchatcaf.fr\/bienvenue-sur-le-recouvrement-tchatcaf\/wp-json\/wp\/v2\/comments?post=621"}],"version-history":[{"count":2,"href":"https:\/\/www.recouvrement-tchatcaf.fr\/bienvenue-sur-le-recouvrement-tchatcaf\/wp-json\/wp\/v2\/pages\/621\/revisions"}],"predecessor-version":[{"id":2215,"href":"https:\/\/www.recouvrement-tchatcaf.fr\/bienvenue-sur-le-recouvrement-tchatcaf\/wp-json\/wp\/v2\/pages\/621\/revisions\/2215"}],"wp:attachment":[{"href":"https:\/\/www.recouvrement-tchatcaf.fr\/bienvenue-sur-le-recouvrement-tchatcaf\/wp-json\/wp\/v2\/media?parent=621"}],"curies":[{"name":"wp","href":"https:\/\/api.w.org\/{rel}","templated":true}]}}