{"id":1689,"date":"2022-05-13T14:50:19","date_gmt":"2022-05-13T12:50:19","guid":{"rendered":"http:\/\/www.recouvrement-tchatcaf.fr\/?page_id=8"},"modified":"2026-02-24T13:31:40","modified_gmt":"2026-02-24T12:31:40","slug":"contact","status":"publish","type":"page","link":"https:\/\/www.recouvrement-tchatcaf.fr\/bienvenue-sur-le-recouvrement-tchatcaf\/contact\/","title":{"rendered":"Nous Contacter"},"content":{"rendered":"<div data-colibri-id=\"1689-c1\" class=\"style-554 style-local-1689-c1 position-relative\">\n  <!---->\n  <div data-colibri-component=\"section\" data-colibri-id=\"1689-c2\" id=\"content\" class=\"h-section h-section-global-spacing d-flex align-items-lg-center align-items-md-center align-items-center style-823 style-local-1689-c2 position-relative\">\n    <!---->\n    <!---->\n    <div class=\"h-section-grid-container h-section-boxed-container\">\n      <!---->\n      <div data-colibri-id=\"1689-c3\" class=\"h-row-container gutters-row-lg-2 gutters-row-md-2 gutters-row-0 gutters-row-v-lg-2 gutters-row-v-md-2 gutters-row-v-2 style-1003 style-local-1689-c3 position-relative\">\n        <!---->\n        <div class=\"h-row justify-content-lg-center justify-content-md-center justify-content-center align-items-lg-stretch align-items-md-stretch align-items-stretch gutters-col-lg-2 gutters-col-md-2 gutters-col-0 gutters-col-v-lg-2 gutters-col-v-md-2 gutters-col-v-2\">\n          <!---->\n          <div class=\"h-column h-column-container d-flex h-col-lg-auto h-col-md-auto h-col-auto style-1004-outer style-local-1689-c4-outer\">\n            <div data-colibri-id=\"1689-c4\" class=\"d-flex h-flex-basis h-column__inner h-px-lg-2 h-px-md-2 h-px-2 v-inner-lg-2 v-inner-md-2 v-inner-2 style-1004 style-local-1689-c4 position-relative\">\n              <!---->\n              <!---->\n              <div class=\"w-100 h-y-container h-column__content h-column__v-align flex-basis-100 align-self-lg-start align-self-md-start align-self-start\">\n                <!---->\n                <div data-colibri-id=\"1689-c5\" class=\"h-global-transition-all h-heading style-1005 style-local-1689-c5 position-relative h-element\">\n                  <!---->\n                  <div class=\"h-heading__outer style-1005 style-local-1689-c5\">\n                    <!---->\n                    <!---->\n                    <h1 class=\"\">Comment nous contacter ?<\/h1>\n                  <\/div>\n                <\/div>\n                <div data-colibri-id=\"1689-c6\" class=\"h-text h-text-component style-838 style-local-1689-c6 position-relative h-element\">\n                  <!---->\n                  <!---->\n                  <div class=\"\">\n                    <p>Email : smtr@caf76.caf.fr<\/p>\n                    <p>Tchat de 08h30 \u00e0 16H30&nbsp;<\/p>\n                    <p>Appel direct :&nbsp;<\/p>\n                    <p>Vous \u00eates allocataire de la CAF 76 : 09-78-97-67-68&nbsp;<\/p>\n                    <p><span style=\"font-weight: 400; font-size: 16px; font-family: &quot;Open Sans&quot;; color: rgb(70, 112, 127);\">Vous \u00eates allocataire de la CAF 14 :&nbsp;09-78-97-61-41<\/span><\/p>\n                    <p><span style=\"font-weight: 400; font-size: 16px; font-family: &quot;Open Sans&quot;; color: rgb(70, 112, 127);\">Vous \u00eates allocataire de la CAF 22:&nbsp;09-78-97-62-21<\/span><\/p>\n                    <p><span style=\"font-weight: 400; font-size: 16px; font-family: &quot;Open Sans&quot;; color: rgb(70, 112, 127);\">Vous \u00eates allocataire de la CAF 27:&nbsp;09-78-97-62-71<\/span><\/p>\n                    <p>Vous \u00eates allocataire de la CAF 29 : 09-78-97-62-93<\/p>\n                    <p><span style=\"color: rgb(70, 112, 127); font-family: &quot;Open Sans&quot;; font-size: 16px; font-weight: 400;\">Vous \u00eates allocataire de la CAF 35 : 09-78-97-63-51<\/span><\/p>\n                    <p><span style=\"color: rgb(70, 112, 127); font-family: &quot;Open Sans&quot;; font-size: 16px; font-weight: 400;\">Vous \u00eates allocataire de la CAF 50 : 09-78-97-65-01<\/span><\/p>\n                    <p><span style=\"font-weight: 400; font-size: 16px; font-family: &quot;Open Sans&quot;; color: rgb(70, 112, 127);\">Vous \u00eates allocataire de la&nbsp;<\/span>CAF56 : 09-78-97-65-61<\/p>\n                    <p><span style=\"font-weight: 400; font-size: 16px; font-family: &quot;Open Sans&quot;; color: rgb(70, 112, 127);\">Vous \u00eates allocataire de la CAF 61 : 09-78-97-66-11<\/span><\/p>\n                  <\/div>\n                <\/div>\n              <\/div>\n            <\/div>\n          <\/div>\n        <\/div>\n      <\/div>\n      <div data-colibri-id=\"1689-c7\" class=\"h-row-container gutters-row-lg-1 gutters-row-md-1 gutters-row-0 gutters-row-v-lg-1 gutters-row-v-md-1 gutters-row-v-1 style-840 style-local-1689-c7 position-relative\">\n        <!---->\n        <div class=\"h-row justify-content-lg-center justify-content-md-center justify-content-center align-items-lg-center align-items-md-center align-items-center gutters-col-lg-1 gutters-col-md-1 gutters-col-0 gutters-col-v-lg-1 gutters-col-v-md-1 gutters-col-v-1\">\n          <!---->\n          <div class=\"h-column h-column-container d-flex h-col-lg-auto h-col-md-auto h-col-auto align-self-lg-center align-self-md-center align-self-center style-844-outer style-local-1689-c8-outer\">\n            <div data-colibri-id=\"1689-c8\" class=\"d-flex h-flex-basis h-column__inner h-px-lg-0 h-px-md-0 h-px-0 v-inner-lg-0 v-inner-md-0 v-inner-0 style-844 style-local-1689-c8 position-relative\">\n              <!---->\n              <!---->\n              <div class=\"w-100 h-y-container h-column__content h-column__v-align flex-basis-100 align-self-lg-start align-self-md-start align-self-start\">\n                <!---->\n                <div data-colibri-id=\"1689-c9\" class=\"h-lead h-text h-text-component style-845 style-local-1689-c9 position-relative h-element\">\n                  <!---->\n                  <!---->\n                  <div class=\"\">\n                    <p>Formulaire \u00e0 remplir en cas de contact en dehors des horaires<\/p>\n                  <\/div>\n                <\/div>\n              <\/div>\n            <\/div>\n          <\/div>\n          <div class=\"h-column h-column-container d-flex h-col-lg-auto h-col-md-auto h-col-auto align-self-lg-center align-self-md-center align-self-center style-846-outer style-local-1689-c10-outer\">\n            <div data-colibri-id=\"1689-c10\" class=\"d-flex h-flex-basis h-column__inner h-px-lg-0 h-px-md-0 h-px-0 v-inner-lg-0 v-inner-md-0 v-inner-0 style-846 style-local-1689-c10 position-relative\">\n              <!---->\n              <!---->\n              <div class=\"w-100 h-y-container h-column__content h-column__v-align flex-basis-100 align-self-lg-start align-self-md-start align-self-start\">\n                <!---->\n                <div data-colibri-id=\"1689-c11\" class=\"h-text h-text-component style-847 style-local-1689-c11 position-relative h-element\">\n                  <!---->\n                  <!---->\n                  <div class=\"\">\n                    <p>Tous les champs marqu\u00e9s d&rsquo;un (*) sont obligatoires<\/p>\n                  <\/div>\n                <\/div>\n              <\/div>\n            <\/div>\n          <\/div>\n        <\/div>\n      <\/div>\n      <div data-colibri-id=\"1689-c12\" class=\"h-row-container gutters-row-lg-2 gutters-row-md-2 gutters-row-2 gutters-row-v-lg-2 gutters-row-v-md-2 gutters-row-v-2 style-824 style-local-1689-c12 position-relative\">\n        <!---->\n        <div class=\"h-row justify-content-lg-center justify-content-md-center justify-content-center align-items-lg-center align-items-md-center align-items-center gutters-col-lg-2 gutters-col-md-2 gutters-col-2 gutters-col-v-lg-2 gutters-col-v-md-2 gutters-col-v-2\">\n          <!---->\n          <div class=\"h-column h-column-container d-flex h-col-lg-auto h-col-md-auto h-col-auto align-self-lg-center align-self-md-center align-self-center style-832-outer style-local-1689-c13-outer\">\n            <div data-colibri-id=\"1689-c13\" class=\"d-flex h-flex-basis h-column__inner h-px-lg-2 h-px-md-2 h-px-2 v-inner-lg-2 v-inner-md-2 v-inner-2 style-832 style-local-1689-c13 position-relative\">\n              <!---->\n              <!---->\n              <div class=\"w-100 h-y-container h-column__content h-column__v-align flex-basis-100 align-self-lg-start align-self-md-start align-self-start\">\n                <!---->\n                <div data-colibri-id=\"1689-c14\" class=\"h-contact-form__outer--forminator position-relative h-element\">\n                  <!---->\n                  <div class=\"h-global-transition-all h-global-transition h-global-transition-all h-contact-form-shortcode--no-style\"><div class=\"forminator-ui forminator-custom-form forminator-custom-form-2011 forminator-design--flat  forminator_ajax\" data-forminator-render=\"0\" data-form=\"forminator-module-2011\"><br\/><\/div><form\n\t\t\t\tid=\"forminator-module-2011\"\n\t\t\t\tclass=\"forminator-ui forminator-custom-form forminator-custom-form-2011 forminator-design--flat  forminator_ajax\"\n\t\t\t\tmethod=\"post\"\n\t\t\t\tdata-forminator-render=\"0\"\n\t\t\t\tdata-form-id=\"2011\"\n\t\t\t\t\n\t\t\t\tdata-design=\"flat\"\n\t\t\t\t\n\t\t\t\t\n\t\t\t\t\n\t\t\t\tdata-grid=\"open\"\n\t\t\t\t\n\t\t\t\t\n\t\t\t\tstyle=\"display: none;\"\n\t\t\t><div class=\"forminator-response-message forminator-error\" aria-hidden=\"true\"><\/div><div class=\"forminator-row\"><div id=\"name-2\" class=\"forminator-col forminator-col-12 \"><div class=\"forminator-field\"><label for=\"forminator-field-name-2\" class=\"forminator-label\">Nom <span class=\"forminator-required\">*<\/span><\/label><input type=\"text\" name=\"name-2\" value=\"\" placeholder=\"\" id=\"forminator-field-name-2\" class=\"forminator-input forminator-name--field\" aria-required=\"true\" \/><\/div><\/div><\/div><div class=\"forminator-row\"><div id=\"name-1\" class=\"forminator-col forminator-col-12 \"><div class=\"forminator-field\"><label for=\"forminator-field-name-1\" class=\"forminator-label\">Pr\u00e9nom <span class=\"forminator-required\">*<\/span><\/label><input type=\"text\" name=\"name-1\" value=\"\" placeholder=\"\" id=\"forminator-field-name-1\" class=\"forminator-input forminator-name--field\" aria-required=\"true\" \/><\/div><\/div><\/div><div class=\"forminator-row\"><div id=\"number-2\" class=\"forminator-col forminator-col-12 \"><div class=\"forminator-field\"><label for=\"forminator-field-number-2\" class=\"forminator-label\">Num\u00e9ro de S\u00e9curit\u00e9 Sociale <span class=\"forminator-required\">*<\/span><\/label><input name=\"number-2\" value=\"\" placeholder=\"\" id=\"forminator-field-number-2\" class=\"forminator-input forminator-number--field\" inputmode=\"decimal\" data-required=\"1\" data-decimals=\"0\" aria-required=\"true\" data-inputmask=\"'groupSeparator': '', 'radixPoint': '', 'digits': '0'\" type=\"number\" \/><\/div><\/div><\/div><div class=\"forminator-row\"><div id=\"email-1\" class=\"forminator-col forminator-col-12 \"><div class=\"forminator-field\"><label for=\"forminator-field-email-1\" class=\"forminator-label\">Adresse de messagerie <span class=\"forminator-required\">*<\/span><\/label><input type=\"email\" name=\"email-1\" value=\"\" placeholder=\"\" id=\"forminator-field-email-1\" class=\"forminator-input forminator-email--field\" data-required=\"true\" aria-required=\"true\" \/><\/div><\/div><\/div><div class=\"forminator-row\"><div id=\"phone-1\" class=\"forminator-col forminator-col-12 \"><div class=\"forminator-field\"><label for=\"forminator-field-phone-1\" class=\"forminator-label\">Num\u00e9ro de t\u00e9l\u00e9phone 1 <span class=\"forminator-required\">*<\/span><\/label><input type=\"text\" name=\"phone-1\" value=\"\" placeholder=\"\" id=\"forminator-field-phone-1\" class=\"forminator-input forminator-field--phone\" data-required=\"1\" aria-required=\"true\" autocomplete=\"off\" \/><\/div><\/div><\/div><div class=\"forminator-row\"><div id=\"phone-2\" class=\"forminator-col forminator-col-12 \"><div class=\"forminator-field\"><label for=\"forminator-field-phone-2\" class=\"forminator-label\">Num\u00e9ro de t\u00e9l\u00e9phone 2<\/label><input type=\"text\" name=\"phone-2\" value=\"\" placeholder=\"\" id=\"forminator-field-phone-2\" class=\"forminator-input forminator-field--phone\" data-required=\"\" aria-required=\"false\" autocomplete=\"off\" \/><\/div><\/div><\/div><div class=\"forminator-row\"><div id=\"checkbox-1\" class=\"forminator-col forminator-col-12 \"><div role=\"group\" class=\"forminator-field\" aria-labelledby=\"forminator-checkbox-group-69dd99e3ea341-label\"><label for=\"forminator-field-checkbox-1-1-69dd99e3ea341\" class=\"forminator-checkbox\" title=\"Vous autorisez la Caf \u00e0 utiliser ce num\u00e9ro de t\u00e9l\u00e9phone et cette adresse email dans vos \u00e9changes concernant votre dossier allocataire. Ces informations ne seront jamais communiqu\u00e9es \u00e0 des tiers.\"><input type=\"checkbox\" name=\"checkbox-1[]\" value=\"Vous-autorisez-la-Caf-\u00e0-utiliser-ce-num\u00e9ro-de-t\u00e9l\u00e9phone-et-cette-adresse-email-dans-vos-\u00e9changes-concernant-votre-dossier-allocataire.-Ces-informations-ne-seront-jamais-communiqu\u00e9es-\u00e0-des-tiers.\" id=\"forminator-field-checkbox-1-1-69dd99e3ea341\" data-calculation=\"0\"  \/><span class=\"forminator-checkbox-box\" aria-hidden=\"true\"><\/span><span class=\"forminator-checkbox-label\">Vous autorisez la Caf \u00e0 utiliser ce num\u00e9ro de t\u00e9l\u00e9phone et cette adresse email dans vos \u00e9changes concernant votre dossier allocataire. Ces informations ne seront jamais communiqu\u00e9es \u00e0 des tiers.<\/span><\/label><\/div><\/div><\/div><input type=\"hidden\" name=\"referer_url\" value=\"\" \/><div class=\"forminator-row forminator-row-last\"><div class=\"forminator-col\"><div class=\"forminator-field\"><button class=\"forminator-button forminator-button-submit\">Envoyer ma demande<\/button><\/div><\/div><\/div><input type=\"hidden\" id=\"forminator_nonce\" name=\"forminator_nonce\" value=\"08354e4a85\" \/><input type=\"hidden\" name=\"_wp_http_referer\" value=\"\/bienvenue-sur-le-recouvrement-tchatcaf\/wp-json\/wp\/v2\/pages\/1689\" \/><input type=\"hidden\" name=\"form_id\" value=\"2011\"><input type=\"hidden\" name=\"page_id\" value=\"1689\"><input type=\"hidden\" name=\"form_type\" value=\"default\"><input type=\"hidden\" name=\"current_url\" value=\"https:\/\/www.recouvrement-tchatcaf.fr\/bienvenue-sur-le-recouvrement-tchatcaf\/wp-json\/wp\/v2\/pages\/1689\/\"><input type=\"hidden\" name=\"render_id\" value=\"0\"><input type=\"hidden\" name=\"action\" value=\"forminator_submit_form_custom-forms\"><\/form><\/div>\n                <\/div>\n              <\/div>\n            <\/div>\n          <\/div>\n        <\/div>\n      <\/div>\n    <\/div>\n  <\/div>\n<\/div>","protected":false},"excerpt":{"rendered":"<p>Comment nous contacter ? Email : smtr@caf76.caf.fr Tchat de 08h30 \u00e0 16H30&nbsp; Appel direct :&nbsp; Vous \u00eates allocataire de la CAF 76 : 09-78-97-67-68&nbsp; Vous \u00eates allocataire de la CAF 14 :&nbsp;09-78-97-61-41 Vous \u00eates allocataire de la CAF 22:&nbsp;09-78-97-62-21 Vous \u00eates allocataire de la CAF 27:&nbsp;09-78-97-62-71 Vous \u00eates allocataire de la CAF 29 : 09-78-97-62-93 [&hellip;]<\/p>\n","protected":false},"author":1,"featured_media":0,"parent":0,"menu_order":0,"comment_status":"closed","ping_status":"closed","template":"page-templates\/full-width-page.php","meta":{"footnotes":""},"class_list":["post-1689","page","type-page","status-publish","hentry"],"_links":{"self":[{"href":"https:\/\/www.recouvrement-tchatcaf.fr\/bienvenue-sur-le-recouvrement-tchatcaf\/wp-json\/wp\/v2\/pages\/1689","targetHints":{"allow":["GET"]}}],"collection":[{"href":"https:\/\/www.recouvrement-tchatcaf.fr\/bienvenue-sur-le-recouvrement-tchatcaf\/wp-json\/wp\/v2\/pages"}],"about":[{"href":"https:\/\/www.recouvrement-tchatcaf.fr\/bienvenue-sur-le-recouvrement-tchatcaf\/wp-json\/wp\/v2\/types\/page"}],"author":[{"embeddable":true,"href":"https:\/\/www.recouvrement-tchatcaf.fr\/bienvenue-sur-le-recouvrement-tchatcaf\/wp-json\/wp\/v2\/users\/1"}],"replies":[{"embeddable":true,"href":"https:\/\/www.recouvrement-tchatcaf.fr\/bienvenue-sur-le-recouvrement-tchatcaf\/wp-json\/wp\/v2\/comments?post=1689"}],"version-history":[{"count":17,"href":"https:\/\/www.recouvrement-tchatcaf.fr\/bienvenue-sur-le-recouvrement-tchatcaf\/wp-json\/wp\/v2\/pages\/1689\/revisions"}],"predecessor-version":[{"id":2437,"href":"https:\/\/www.recouvrement-tchatcaf.fr\/bienvenue-sur-le-recouvrement-tchatcaf\/wp-json\/wp\/v2\/pages\/1689\/revisions\/2437"}],"wp:attachment":[{"href":"https:\/\/www.recouvrement-tchatcaf.fr\/bienvenue-sur-le-recouvrement-tchatcaf\/wp-json\/wp\/v2\/media?parent=1689"}],"curies":[{"name":"wp","href":"https:\/\/api.w.org\/{rel}","templated":true}]}}